{"id":17854,"date":"2025-08-05T17:07:19","date_gmt":"2025-08-05T17:07:19","guid":{"rendered":"https:\/\/usautoimport.lt\/%d0%b8%d0%b7%d0%b1%d1%80%d0%b0%d0%bd%d0%bd%d1%8b%d0%b5-%d0%bf%d1%80%d0%b5%d0%b4%d0%bb%d0%be%d0%b6%d0%b5%d0%bd%d0%b8%d1%8f\/"},"modified":"2025-08-05T17:07:19","modified_gmt":"2025-08-05T17:07:19","slug":"%d0%b8%d0%b7%d0%b1%d1%80%d0%b0%d0%bd%d0%bd%d1%8b%d0%b5-%d0%bf%d1%80%d0%b5%d0%b4%d0%bb%d0%be%d0%b6%d0%b5%d0%bd%d0%b8%d1%8f","status":"publish","type":"page","link":"https:\/\/usautoimport.lt\/ru\/%d0%b8%d0%b7%d0%b1%d1%80%d0%b0%d0%bd%d0%bd%d1%8b%d0%b5-%d0%bf%d1%80%d0%b5%d0%b4%d0%bb%d0%be%d0%b6%d0%b5%d0%bd%d0%b8%d1%8f\/","title":{"rendered":"\u0418\u0437\u0431\u0440\u0430\u043d\u043d\u044b\u0435 \u043f\u0440\u0435\u0434\u043b\u043e\u0436\u0435\u043d\u0438\u044f"},"content":{"rendered":"","protected":false},"excerpt":{"rendered":"","protected":false},"author":6,"featured_media":0,"parent":0,"menu_order":0,"comment_status":"closed","ping_status":"closed","template":"page-templates\/selected-cars.php","meta":{"footnotes":""},"class_list":["post-17854","page","type-page","status-publish","hentry"],"yoast_head":"<!-- This site is optimized with the Yoast SEO plugin v26.7 - https:\/\/yoast.com\/wordpress\/plugins\/seo\/ -->\n<title>Atrinkti automobiliai i\u0161 JAV aukcion\u0173 \u2013 patikrinti pasi\u016blymai<\/title>\n<meta name=\"description\" content=\"Atrinkti ir patikrinti automobiliai i\u0161 Copart ir IAAI JAV aukcion\u0173. Skaidr\u016bs pasi\u016blymai, ai\u0161kios kainos ir pagalba viso importo metu.\" \/>\n<meta name=\"robots\" content=\"index, follow, max-snippet:-1, max-image-preview:large, max-video-preview:-1\" \/>\n<link rel=\"canonical\" href=\"https:\/\/usautoimport.lt\/ru\/\u0438\u0437\u0431\u0440\u0430\u043d\u043d\u044b\u0435-\u043f\u0440\u0435\u0434\u043b\u043e\u0436\u0435\u043d\u0438\u044f\/\" \/>\n<meta property=\"og:locale\" content=\"ru_RU\" \/>\n<meta property=\"og:type\" content=\"article\" \/>\n<meta property=\"og:title\" content=\"Atrinkti automobiliai i\u0161 JAV aukcion\u0173 \u2013 patikrinti pasi\u016blymai\" \/>\n<meta property=\"og:description\" content=\"Atrinkti ir patikrinti automobiliai i\u0161 Copart ir IAAI JAV aukcion\u0173. Skaidr\u016bs pasi\u016blymai, ai\u0161kios kainos ir pagalba viso importo metu.\" \/>\n<meta property=\"og:url\" content=\"https:\/\/usautoimport.lt\/ru\/\u0438\u0437\u0431\u0440\u0430\u043d\u043d\u044b\u0435-\u043f\u0440\u0435\u0434\u043b\u043e\u0436\u0435\u043d\u0438\u044f\/\" \/>\n<meta property=\"og:site_name\" content=\"Usauto import\" \/>\n<meta name=\"twitter:card\" content=\"summary_large_image\" \/>\n<script type=\"application\/ld+json\" class=\"yoast-schema-graph\">{\"@context\":\"https:\/\/schema.org\",\"@graph\":[{\"@type\":\"WebPage\",\"@id\":\"https:\/\/usautoimport.lt\/ru\/%d0%b8%d0%b7%d0%b1%d1%80%d0%b0%d0%bd%d0%bd%d1%8b%d0%b5-%d0%bf%d1%80%d0%b5%d0%b4%d0%bb%d0%be%d0%b6%d0%b5%d0%bd%d0%b8%d1%8f\/\",\"url\":\"https:\/\/usautoimport.lt\/ru\/%d0%b8%d0%b7%d0%b1%d1%80%d0%b0%d0%bd%d0%bd%d1%8b%d0%b5-%d0%bf%d1%80%d0%b5%d0%b4%d0%bb%d0%be%d0%b6%d0%b5%d0%bd%d0%b8%d1%8f\/\",\"name\":\"Atrinkti automobiliai i\u0161 JAV aukcion\u0173 \u2013 patikrinti pasi\u016blymai\",\"isPartOf\":{\"@id\":\"https:\/\/usautoimport.lt\/#website\"},\"datePublished\":\"2025-08-05T17:07:19+00:00\",\"description\":\"Atrinkti ir patikrinti automobiliai i\u0161 Copart ir IAAI JAV aukcion\u0173. Skaidr\u016bs pasi\u016blymai, ai\u0161kios kainos ir pagalba viso importo metu.\",\"breadcrumb\":{\"@id\":\"https:\/\/usautoimport.lt\/ru\/%d0%b8%d0%b7%d0%b1%d1%80%d0%b0%d0%bd%d0%bd%d1%8b%d0%b5-%d0%bf%d1%80%d0%b5%d0%b4%d0%bb%d0%be%d0%b6%d0%b5%d0%bd%d0%b8%d1%8f\/#breadcrumb\"},\"inLanguage\":\"ru-RU\",\"potentialAction\":[{\"@type\":\"ReadAction\",\"target\":[\"https:\/\/usautoimport.lt\/ru\/%d0%b8%d0%b7%d0%b1%d1%80%d0%b0%d0%bd%d0%bd%d1%8b%d0%b5-%d0%bf%d1%80%d0%b5%d0%b4%d0%bb%d0%be%d0%b6%d0%b5%d0%bd%d0%b8%d1%8f\/\"]}]},{\"@type\":\"BreadcrumbList\",\"@id\":\"https:\/\/usautoimport.lt\/ru\/%d0%b8%d0%b7%d0%b1%d1%80%d0%b0%d0%bd%d0%bd%d1%8b%d0%b5-%d0%bf%d1%80%d0%b5%d0%b4%d0%bb%d0%be%d0%b6%d0%b5%d0%bd%d0%b8%d1%8f\/#breadcrumb\",\"itemListElement\":[{\"@type\":\"ListItem\",\"position\":1,\"name\":\"Home\",\"item\":\"https:\/\/usautoimport.lt\/\"},{\"@type\":\"ListItem\",\"position\":2,\"name\":\"\u0418\u0437\u0431\u0440\u0430\u043d\u043d\u044b\u0435 \u043f\u0440\u0435\u0434\u043b\u043e\u0436\u0435\u043d\u0438\u044f\"}]},{\"@type\":\"WebSite\",\"@id\":\"https:\/\/usautoimport.lt\/#website\",\"url\":\"https:\/\/usautoimport.lt\/\",\"name\":\"Usauto import\",\"description\":\"\",\"potentialAction\":[{\"@type\":\"SearchAction\",\"target\":{\"@type\":\"EntryPoint\",\"urlTemplate\":\"https:\/\/usautoimport.lt\/?s={search_term_string}\"},\"query-input\":{\"@type\":\"PropertyValueSpecification\",\"valueRequired\":true,\"valueName\":\"search_term_string\"}}],\"inLanguage\":\"ru-RU\"}]}<\/script>\n<!-- \/ Yoast SEO plugin. -->","yoast_head_json":{"title":"Atrinkti automobiliai i\u0161 JAV aukcion\u0173 \u2013 patikrinti pasi\u016blymai","description":"Atrinkti ir patikrinti automobiliai i\u0161 Copart ir IAAI JAV aukcion\u0173. Skaidr\u016bs pasi\u016blymai, ai\u0161kios kainos ir pagalba viso importo metu.","robots":{"index":"index","follow":"follow","max-snippet":"max-snippet:-1","max-image-preview":"max-image-preview:large","max-video-preview":"max-video-preview:-1"},"canonical":"https:\/\/usautoimport.lt\/ru\/\u0438\u0437\u0431\u0440\u0430\u043d\u043d\u044b\u0435-\u043f\u0440\u0435\u0434\u043b\u043e\u0436\u0435\u043d\u0438\u044f\/","og_locale":"ru_RU","og_type":"article","og_title":"Atrinkti automobiliai i\u0161 JAV aukcion\u0173 \u2013 patikrinti pasi\u016blymai","og_description":"Atrinkti ir patikrinti automobiliai i\u0161 Copart ir IAAI JAV aukcion\u0173. Skaidr\u016bs pasi\u016blymai, ai\u0161kios kainos ir pagalba viso importo metu.","og_url":"https:\/\/usautoimport.lt\/ru\/\u0438\u0437\u0431\u0440\u0430\u043d\u043d\u044b\u0435-\u043f\u0440\u0435\u0434\u043b\u043e\u0436\u0435\u043d\u0438\u044f\/","og_site_name":"Usauto import","twitter_card":"summary_large_image","schema":{"@context":"https:\/\/schema.org","@graph":[{"@type":"WebPage","@id":"https:\/\/usautoimport.lt\/ru\/%d0%b8%d0%b7%d0%b1%d1%80%d0%b0%d0%bd%d0%bd%d1%8b%d0%b5-%d0%bf%d1%80%d0%b5%d0%b4%d0%bb%d0%be%d0%b6%d0%b5%d0%bd%d0%b8%d1%8f\/","url":"https:\/\/usautoimport.lt\/ru\/%d0%b8%d0%b7%d0%b1%d1%80%d0%b0%d0%bd%d0%bd%d1%8b%d0%b5-%d0%bf%d1%80%d0%b5%d0%b4%d0%bb%d0%be%d0%b6%d0%b5%d0%bd%d0%b8%d1%8f\/","name":"Atrinkti automobiliai i\u0161 JAV aukcion\u0173 \u2013 patikrinti pasi\u016blymai","isPartOf":{"@id":"https:\/\/usautoimport.lt\/#website"},"datePublished":"2025-08-05T17:07:19+00:00","description":"Atrinkti ir patikrinti automobiliai i\u0161 Copart ir IAAI JAV aukcion\u0173. Skaidr\u016bs pasi\u016blymai, ai\u0161kios kainos ir pagalba viso importo metu.","breadcrumb":{"@id":"https:\/\/usautoimport.lt\/ru\/%d0%b8%d0%b7%d0%b1%d1%80%d0%b0%d0%bd%d0%bd%d1%8b%d0%b5-%d0%bf%d1%80%d0%b5%d0%b4%d0%bb%d0%be%d0%b6%d0%b5%d0%bd%d0%b8%d1%8f\/#breadcrumb"},"inLanguage":"ru-RU","potentialAction":[{"@type":"ReadAction","target":["https:\/\/usautoimport.lt\/ru\/%d0%b8%d0%b7%d0%b1%d1%80%d0%b0%d0%bd%d0%bd%d1%8b%d0%b5-%d0%bf%d1%80%d0%b5%d0%b4%d0%bb%d0%be%d0%b6%d0%b5%d0%bd%d0%b8%d1%8f\/"]}]},{"@type":"BreadcrumbList","@id":"https:\/\/usautoimport.lt\/ru\/%d0%b8%d0%b7%d0%b1%d1%80%d0%b0%d0%bd%d0%bd%d1%8b%d0%b5-%d0%bf%d1%80%d0%b5%d0%b4%d0%bb%d0%be%d0%b6%d0%b5%d0%bd%d0%b8%d1%8f\/#breadcrumb","itemListElement":[{"@type":"ListItem","position":1,"name":"Home","item":"https:\/\/usautoimport.lt\/"},{"@type":"ListItem","position":2,"name":"\u0418\u0437\u0431\u0440\u0430\u043d\u043d\u044b\u0435 \u043f\u0440\u0435\u0434\u043b\u043e\u0436\u0435\u043d\u0438\u044f"}]},{"@type":"WebSite","@id":"https:\/\/usautoimport.lt\/#website","url":"https:\/\/usautoimport.lt\/","name":"Usauto import","description":"","potentialAction":[{"@type":"SearchAction","target":{"@type":"EntryPoint","urlTemplate":"https:\/\/usautoimport.lt\/?s={search_term_string}"},"query-input":{"@type":"PropertyValueSpecification","valueRequired":true,"valueName":"search_term_string"}}],"inLanguage":"ru-RU"}]}},"_links":{"self":[{"href":"https:\/\/usautoimport.lt\/ru\/wp-json\/wp\/v2\/pages\/17854","targetHints":{"allow":["GET"]}}],"collection":[{"href":"https:\/\/usautoimport.lt\/ru\/wp-json\/wp\/v2\/pages"}],"about":[{"href":"https:\/\/usautoimport.lt\/ru\/wp-json\/wp\/v2\/types\/page"}],"author":[{"embeddable":true,"href":"https:\/\/usautoimport.lt\/ru\/wp-json\/wp\/v2\/users\/6"}],"replies":[{"embeddable":true,"href":"https:\/\/usautoimport.lt\/ru\/wp-json\/wp\/v2\/comments?post=17854"}],"version-history":[{"count":0,"href":"https:\/\/usautoimport.lt\/ru\/wp-json\/wp\/v2\/pages\/17854\/revisions"}],"wp:attachment":[{"href":"https:\/\/usautoimport.lt\/ru\/wp-json\/wp\/v2\/media?parent=17854"}],"curies":[{"name":"wp","href":"https:\/\/api.w.org\/{rel}","templated":true}]}}