{"id":12650,"date":"2025-08-06T09:11:01","date_gmt":"2025-08-06T09:11:01","guid":{"rendered":"https:\/\/usautoimport.lt\/cookie-policy\/"},"modified":"2026-04-09T12:16:26","modified_gmt":"2026-04-09T12:16:26","slug":"cookie-policy","status":"publish","type":"page","link":"https:\/\/usautoimport.lt\/en\/cookie-policy\/","title":{"rendered":"Cookie Policy"},"content":{"rendered":"\n<p><\/p>\n\n<h4 class=\"wp-block-heading\"><strong>1. What are cookies<\/strong><\/h4>\n\n<p><em>Cookies<\/em> are small text files that are stored on your device when you visit our website.They help the website to function properly, allow us to recognise you, analyse your traffic and show you personalised offers.<\/p>\n\n<h4 class=\"wp-block-heading\"><strong>2. Types of cookies used<\/strong><\/h4>\n\n<figure class=\"wp-block-table\"><table class=\"has-fixed-layout\"><tbody><tr><td><strong>Required<\/strong><\/td><td>Ensures that the website works properly (e.g. logging into your account, language selection).<\/td><td>Up to 1 year<\/td><\/tr><tr><td><strong>Analytical<\/strong><\/td><td>Helps you understand how visitors use the website (e.g. Google Analytics).<\/td><td>Up to 2 years<\/td><\/tr><tr><td><strong>Functional<\/strong><\/td><td>Saves your settings (for example, filter preferences in a spreadsheet).<\/td><td>Up to 1 year<\/td><\/tr><tr><td><strong>Promotional<\/strong><\/td><td>Used by Google, Meta (Facebook) and other partners for advertising purposes &#8211; so that you only see offers that are relevant to you.<\/td><td>Up to 6 months<\/td><\/tr><\/tbody><\/table><\/figure>\n\n<h4 class=\"wp-block-heading\"><strong>3. Third party cookies<\/strong><\/h4>\n\n<p>Our website may also use <strong>third-party cookies<\/strong> such as:<\/p>\n\n<ul class=\"wp-block-list\">\n<li>&#8220;<strong>Google Analytics<\/strong> for traffic analysis<\/li>\n\n\n\n<li>&#8220;<strong>Meta Pixel (Facebook)<\/strong> &#8211; measuring advertising effectiveness<\/li>\n\n\n\n<li>&#8220;<strong>YouTube and Instagram<\/strong> &#8211; to display embedded content<\/li>\n<\/ul>\n\n<p>These providers may collect anonymous information about your browsing on other websites.<br\/>You can find out more about their privacy policies directly on the providers&#8217; websites.<\/p>\n\n<h4 class=\"wp-block-heading\"><strong>4. How to manage cookies<\/strong><\/h4>\n\n<p>You can change your cookie settings at any time:<\/p>\n\n<ul class=\"wp-block-list\">\n<li>delete existing cookies in your browser;<\/li>\n\n\n\n<li>prohibit their future recording;<\/li>\n\n\n\n<li>manage your consent by using the cookie bar settings at the bottom of the page.<\/li>\n<\/ul>\n\n<p>If you disable some cookies, the functionality of the website may be limited.<\/p>\n\n<h4 class=\"wp-block-heading\"><strong>5. Contact<\/strong><\/h4>\n\n<p><strong>MB &#8220;USAuto import<\/strong>&#8220;<br\/>\u017diemos g. 24, Bauk\u0161tinink\u0173 k., LT-92402, Klaip\u0117dos r.<br\/><strong>\ud83d\udce7 vilmantas@usautoimport.lt<\/strong><\/p>\n\n<p>\ud83d\udcde +370 640 77993<br\/><a href=\"https:\/\/www.usautoimport.lt\/\">\ud83c\udf10 www.usautoimport.lt<\/a><\/p>\n\n<h4 class=\"wp-block-heading\"><strong>6. Updates<\/strong><\/h4>\n\n<p>This Cookie Policy may be amended when the functionality of the website or legislation is updated.<br\/>The latest version is always available at <a href=\"https:\/\/www.usautoimport.lt\/\">www.usautoimport.lt<\/a><\/p>\n\n<p><strong>\u00a9 2025 USAuto Import &#8211; www.usautoimport.lt | +370 640 77993<\/strong><\/p>\n\n<p><\/p>\n","protected":false},"excerpt":{"rendered":"<p>1. What are cookies Cookies are small text files that are stored on your device when you visit our website.They help the website to function properly, allow us to recognise you, analyse your traffic and show you personalised offers. 2. Types of cookies used Required Ensures that the website works properly (e.g. logging into your [&hellip;]<\/p>\n","protected":false},"author":6,"featured_media":0,"parent":0,"menu_order":0,"comment_status":"closed","ping_status":"closed","template":"","meta":{"footnotes":""},"class_list":["post-12650","page","type-page","status-publish","hentry"],"yoast_head":"<!-- This site is optimized with the Yoast SEO plugin v26.7 - https:\/\/yoast.com\/wordpress\/plugins\/seo\/ -->\n<title>Cookie Policy - Usauto import<\/title>\n<meta name=\"robots\" content=\"index, follow, max-snippet:-1, max-image-preview:large, max-video-preview:-1\" \/>\n<link rel=\"canonical\" href=\"https:\/\/usautoimport.lt\/en\/cookie-policy\/\" \/>\n<meta property=\"og:locale\" content=\"en_US\" \/>\n<meta property=\"og:type\" content=\"article\" \/>\n<meta property=\"og:title\" content=\"Cookie Policy - Usauto import\" \/>\n<meta property=\"og:description\" content=\"1. What are cookies Cookies are small text files that are stored on your device when you visit our website.They help the website to function properly, allow us to recognise you, analyse your traffic and show you personalised offers. 2. Types of cookies used Required Ensures that the website works properly (e.g. logging into your [&hellip;]\" \/>\n<meta property=\"og:url\" content=\"https:\/\/usautoimport.lt\/en\/cookie-policy\/\" \/>\n<meta property=\"og:site_name\" content=\"Usauto import\" \/>\n<meta property=\"article:modified_time\" content=\"2026-04-09T12:16:26+00:00\" \/>\n<meta name=\"twitter:card\" content=\"summary_large_image\" \/>\n<meta name=\"twitter:label1\" content=\"Est. reading time\" \/>\n\t<meta name=\"twitter:data1\" content=\"1 minute\" \/>\n<script type=\"application\/ld+json\" class=\"yoast-schema-graph\">{\"@context\":\"https:\/\/schema.org\",\"@graph\":[{\"@type\":\"WebPage\",\"@id\":\"https:\/\/usautoimport.lt\/en\/cookie-policy\/\",\"url\":\"https:\/\/usautoimport.lt\/en\/cookie-policy\/\",\"name\":\"Cookie Policy - Usauto import\",\"isPartOf\":{\"@id\":\"https:\/\/usautoimport.lt\/#website\"},\"datePublished\":\"2025-08-06T09:11:01+00:00\",\"dateModified\":\"2026-04-09T12:16:26+00:00\",\"breadcrumb\":{\"@id\":\"https:\/\/usautoimport.lt\/en\/cookie-policy\/#breadcrumb\"},\"inLanguage\":\"en-US\",\"potentialAction\":[{\"@type\":\"ReadAction\",\"target\":[\"https:\/\/usautoimport.lt\/en\/cookie-policy\/\"]}]},{\"@type\":\"BreadcrumbList\",\"@id\":\"https:\/\/usautoimport.lt\/en\/cookie-policy\/#breadcrumb\",\"itemListElement\":[{\"@type\":\"ListItem\",\"position\":1,\"name\":\"Home\",\"item\":\"https:\/\/usautoimport.lt\/\"},{\"@type\":\"ListItem\",\"position\":2,\"name\":\"Cookie Policy\"}]},{\"@type\":\"WebSite\",\"@id\":\"https:\/\/usautoimport.lt\/#website\",\"url\":\"https:\/\/usautoimport.lt\/\",\"name\":\"Usauto import\",\"description\":\"\",\"potentialAction\":[{\"@type\":\"SearchAction\",\"target\":{\"@type\":\"EntryPoint\",\"urlTemplate\":\"https:\/\/usautoimport.lt\/?s={search_term_string}\"},\"query-input\":{\"@type\":\"PropertyValueSpecification\",\"valueRequired\":true,\"valueName\":\"search_term_string\"}}],\"inLanguage\":\"en-US\"}]}<\/script>\n<!-- \/ Yoast SEO plugin. -->","yoast_head_json":{"title":"Cookie Policy - Usauto import","robots":{"index":"index","follow":"follow","max-snippet":"max-snippet:-1","max-image-preview":"max-image-preview:large","max-video-preview":"max-video-preview:-1"},"canonical":"https:\/\/usautoimport.lt\/en\/cookie-policy\/","og_locale":"en_US","og_type":"article","og_title":"Cookie Policy - Usauto import","og_description":"1. What are cookies Cookies are small text files that are stored on your device when you visit our website.They help the website to function properly, allow us to recognise you, analyse your traffic and show you personalised offers. 2. Types of cookies used Required Ensures that the website works properly (e.g. logging into your [&hellip;]","og_url":"https:\/\/usautoimport.lt\/en\/cookie-policy\/","og_site_name":"Usauto import","article_modified_time":"2026-04-09T12:16:26+00:00","twitter_card":"summary_large_image","twitter_misc":{"Est. reading time":"1 minute"},"schema":{"@context":"https:\/\/schema.org","@graph":[{"@type":"WebPage","@id":"https:\/\/usautoimport.lt\/en\/cookie-policy\/","url":"https:\/\/usautoimport.lt\/en\/cookie-policy\/","name":"Cookie Policy - Usauto import","isPartOf":{"@id":"https:\/\/usautoimport.lt\/#website"},"datePublished":"2025-08-06T09:11:01+00:00","dateModified":"2026-04-09T12:16:26+00:00","breadcrumb":{"@id":"https:\/\/usautoimport.lt\/en\/cookie-policy\/#breadcrumb"},"inLanguage":"en-US","potentialAction":[{"@type":"ReadAction","target":["https:\/\/usautoimport.lt\/en\/cookie-policy\/"]}]},{"@type":"BreadcrumbList","@id":"https:\/\/usautoimport.lt\/en\/cookie-policy\/#breadcrumb","itemListElement":[{"@type":"ListItem","position":1,"name":"Home","item":"https:\/\/usautoimport.lt\/"},{"@type":"ListItem","position":2,"name":"Cookie Policy"}]},{"@type":"WebSite","@id":"https:\/\/usautoimport.lt\/#website","url":"https:\/\/usautoimport.lt\/","name":"Usauto import","description":"","potentialAction":[{"@type":"SearchAction","target":{"@type":"EntryPoint","urlTemplate":"https:\/\/usautoimport.lt\/?s={search_term_string}"},"query-input":{"@type":"PropertyValueSpecification","valueRequired":true,"valueName":"search_term_string"}}],"inLanguage":"en-US"}]}},"_links":{"self":[{"href":"https:\/\/usautoimport.lt\/en\/wp-json\/wp\/v2\/pages\/12650","targetHints":{"allow":["GET"]}}],"collection":[{"href":"https:\/\/usautoimport.lt\/en\/wp-json\/wp\/v2\/pages"}],"about":[{"href":"https:\/\/usautoimport.lt\/en\/wp-json\/wp\/v2\/types\/page"}],"author":[{"embeddable":true,"href":"https:\/\/usautoimport.lt\/en\/wp-json\/wp\/v2\/users\/6"}],"replies":[{"embeddable":true,"href":"https:\/\/usautoimport.lt\/en\/wp-json\/wp\/v2\/comments?post=12650"}],"version-history":[{"count":1,"href":"https:\/\/usautoimport.lt\/en\/wp-json\/wp\/v2\/pages\/12650\/revisions"}],"predecessor-version":[{"id":12651,"href":"https:\/\/usautoimport.lt\/en\/wp-json\/wp\/v2\/pages\/12650\/revisions\/12651"}],"wp:attachment":[{"href":"https:\/\/usautoimport.lt\/en\/wp-json\/wp\/v2\/media?parent=12650"}],"curies":[{"name":"wp","href":"https:\/\/api.w.org\/{rel}","templated":true}]}}