{"id":12646,"date":"2025-08-06T05:46:03","date_gmt":"2025-08-06T05:46:03","guid":{"rendered":"https:\/\/usautoimport.lt\/privacy-policy\/"},"modified":"2026-01-18T15:42:21","modified_gmt":"2026-01-18T15:42:21","slug":"privacy-policy","status":"publish","type":"page","link":"https:\/\/usautoimport.lt\/en\/privacy-policy\/","title":{"rendered":"Privacy Policy"},"content":{"rendered":"\n<p><strong>1. General provisions<\/strong><br\/>This privacy policy explains how MB USAuto import (company code 306737402,<br\/>VAT code LT100016867214, registered office: \u017diemos g. 24, Bauk\u0161tinink\u0173 k., Bauk\u0161tinink\u0173 k., LT-92402,Klaip\u0117dos r.) collects, uses and protects your personal data when you use the website<br\/>www.usautoimport.lt, our spreadsheet, our auction system, your account or the payment features of<br\/>.  <\/p>\n\n<p><strong>2. Processed data<\/strong><br\/>We process the following data: name, surname, email address, name, address, e-mail address, etc. mail, phone number, address,<br\/>date of birth, country and city information, selected plan, payment history,<br\/>user account information and car search data (VIN, auction links,<br\/>calculator inputs). 3. Purposes of use of data<br\/>Data is used for user registration, provision of services, administration of deposit plans<br\/>, processing of enquiries, participation in auctions, provision of estimates and offers<br\/>, as well as for website security and analytics.  <\/p>\n\n<p><strong>4. Payment data<\/strong><br\/>Payments are processed through integrated partners (Swedbank, SEB, Luminor, Revolut,<br\/>Citadele, Artea, \u0160iauli\u0173 bankas). We do not store payment card or bank<br\/>login data, which is passed directly to trusted financial institutions<br\/>in accordance with PSD2 requirements.  <\/p>\n\n<p><strong>5. Data storage location<\/strong><br\/>All data is stored on servers located in the territory of the EU, managed by &#8220;serveriai.lt&#8221;.<br\/>The service provider complies with the requirements of the EU GDPR (GDPR) and ensures the physical and technical protection of<br\/>data.  <\/p>\n\n<p><strong>6. Transfer of data to third parties<\/strong><br\/>Data may be transferred to auction providers (Copart, IAAI), logistics and customs<br\/>partners, IT service providers (Google, Meta, Mailerlite) &#8211; only to the extent necessary for the provision of<br\/>services. Your data is never sold.  <\/p>\n\n<p><strong>7. Cookies<\/strong><br\/>The website uses essential, analytical and advertising cookies. Analytical cookies<br\/>(Google Analytics) help to improve the performance of the website, advertising cookies help to display relevant<br\/>offers on social networks. You can disable them in your browser.  <\/p>\n\n<p><strong>8. User rights<\/strong><br\/>Under the GDPR, you have the right to access, rectify, erase, restrict the processing of<br\/>your data, object to the processing, and request data portability. To exercise these rights on<br\/>, please contact. info@usautoimport.lt.  <\/p>\n\n<p><strong>9. Data Security<\/strong><br\/>We use SSL encryption, secure logins, access control, periodic security<br\/>checks. Access to the data is restricted to authorised personnel.  <\/p>\n\n<p><strong>10. Changes to the Privacy Policy<\/strong><br\/>The Policy may be updated due to legal or technical changes. The latest version is always available at<br\/>on www.usautoimport.lt.  <\/p>\n\n<p><strong>11. Contacts<\/strong><br\/>MB &#8220;USAuto import&#8221;<br\/>\u017diemos g. 24, Bauk\u0161tinink\u0173 k., LT-92402, Klaip\u0117dos r.<br\/>E-mail: info@usautoimport.lt | Tel.: +370 640 77993<br\/>Facebook: https:\/\/www.facebook.com\/groups\/400608572896286<br\/>Instagram: https:\/\/www.instagram.com\/vilmantaspirmadienis\/<\/p>\n\n<p><strong>12. Newsletters and personal offers<\/strong><\/p>\n\n<p>With the user&#8217;s consent, MB USAuto import may send newsletters, special offers on<br\/>and information about new cars, services and promotions. Data (email. email<br\/>address, name) are used for this purpose only and may be transmitted to. sending emails to<br\/>&#8216;s service provider, Mailerlite, or another GDPR-compliant provider.<br\/>The user may unsubscribe from the newsletters at any time by clicking on the &#8220;Unsubscribe from<br\/>&#8221; link at the bottom of the email they receive, or by emailing us. by email to<\/p>\n\n<p>info@usautoimport.lt.<\/p>\n\n<p>\u00a9 2025 USAuto Import &#8211; www.usautoimport.lt | +370 640 77993<\/p>\n\n<p><\/p>\n","protected":false},"excerpt":{"rendered":"<p>1. General provisionsThis privacy policy explains how MB USAuto import (company code 306737402,VAT code LT100016867214, registered office: \u017diemos g. 24, Bauk\u0161tinink\u0173 k., Bauk\u0161tinink\u0173 k., LT-92402,Klaip\u0117dos r.) collects, uses and protects your personal data when you use the websitewww.usautoimport.lt, our spreadsheet, our auction system, your account or the payment features of. 2. Processed dataWe process the [&hellip;]<\/p>\n","protected":false},"author":6,"featured_media":0,"parent":0,"menu_order":0,"comment_status":"closed","ping_status":"closed","template":"","meta":{"footnotes":""},"class_list":["post-12646","page","type-page","status-publish","hentry"],"yoast_head":"<!-- This site is optimized with the Yoast SEO plugin v26.7 - https:\/\/yoast.com\/wordpress\/plugins\/seo\/ -->\n<title>Privacy Policy - Usauto import<\/title>\n<meta name=\"robots\" content=\"index, follow, max-snippet:-1, max-image-preview:large, max-video-preview:-1\" \/>\n<link rel=\"canonical\" href=\"https:\/\/usautoimport.lt\/en\/privacy-policy\/\" \/>\n<meta property=\"og:locale\" content=\"en_US\" \/>\n<meta property=\"og:type\" content=\"article\" \/>\n<meta property=\"og:title\" content=\"Privacy Policy - Usauto import\" \/>\n<meta property=\"og:description\" content=\"1. General provisionsThis privacy policy explains how MB USAuto import (company code 306737402,VAT code LT100016867214, registered office: \u017diemos g. 24, Bauk\u0161tinink\u0173 k., Bauk\u0161tinink\u0173 k., LT-92402,Klaip\u0117dos r.) collects, uses and protects your personal data when you use the websitewww.usautoimport.lt, our spreadsheet, our auction system, your account or the payment features of. 2. Processed dataWe process the [&hellip;]\" \/>\n<meta property=\"og:url\" content=\"https:\/\/usautoimport.lt\/en\/privacy-policy\/\" \/>\n<meta property=\"og:site_name\" content=\"Usauto import\" \/>\n<meta property=\"article:modified_time\" content=\"2026-01-18T15:42:21+00:00\" \/>\n<meta name=\"twitter:card\" content=\"summary_large_image\" \/>\n<meta name=\"twitter:label1\" content=\"Est. reading time\" \/>\n\t<meta name=\"twitter:data1\" content=\"2 minutes\" \/>\n<script type=\"application\/ld+json\" class=\"yoast-schema-graph\">{\"@context\":\"https:\/\/schema.org\",\"@graph\":[{\"@type\":\"WebPage\",\"@id\":\"https:\/\/usautoimport.lt\/en\/privacy-policy\/\",\"url\":\"https:\/\/usautoimport.lt\/en\/privacy-policy\/\",\"name\":\"Privacy Policy - Usauto import\",\"isPartOf\":{\"@id\":\"https:\/\/usautoimport.lt\/#website\"},\"datePublished\":\"2025-08-06T05:46:03+00:00\",\"dateModified\":\"2026-01-18T15:42:21+00:00\",\"breadcrumb\":{\"@id\":\"https:\/\/usautoimport.lt\/en\/privacy-policy\/#breadcrumb\"},\"inLanguage\":\"en-US\",\"potentialAction\":[{\"@type\":\"ReadAction\",\"target\":[\"https:\/\/usautoimport.lt\/en\/privacy-policy\/\"]}]},{\"@type\":\"BreadcrumbList\",\"@id\":\"https:\/\/usautoimport.lt\/en\/privacy-policy\/#breadcrumb\",\"itemListElement\":[{\"@type\":\"ListItem\",\"position\":1,\"name\":\"Home\",\"item\":\"https:\/\/usautoimport.lt\/\"},{\"@type\":\"ListItem\",\"position\":2,\"name\":\"Privacy Policy\"}]},{\"@type\":\"WebSite\",\"@id\":\"https:\/\/usautoimport.lt\/#website\",\"url\":\"https:\/\/usautoimport.lt\/\",\"name\":\"Usauto import\",\"description\":\"\",\"potentialAction\":[{\"@type\":\"SearchAction\",\"target\":{\"@type\":\"EntryPoint\",\"urlTemplate\":\"https:\/\/usautoimport.lt\/?s={search_term_string}\"},\"query-input\":{\"@type\":\"PropertyValueSpecification\",\"valueRequired\":true,\"valueName\":\"search_term_string\"}}],\"inLanguage\":\"en-US\"}]}<\/script>\n<!-- \/ Yoast SEO plugin. -->","yoast_head_json":{"title":"Privacy Policy - Usauto import","robots":{"index":"index","follow":"follow","max-snippet":"max-snippet:-1","max-image-preview":"max-image-preview:large","max-video-preview":"max-video-preview:-1"},"canonical":"https:\/\/usautoimport.lt\/en\/privacy-policy\/","og_locale":"en_US","og_type":"article","og_title":"Privacy Policy - Usauto import","og_description":"1. General provisionsThis privacy policy explains how MB USAuto import (company code 306737402,VAT code LT100016867214, registered office: \u017diemos g. 24, Bauk\u0161tinink\u0173 k., Bauk\u0161tinink\u0173 k., LT-92402,Klaip\u0117dos r.) collects, uses and protects your personal data when you use the websitewww.usautoimport.lt, our spreadsheet, our auction system, your account or the payment features of. 2. Processed dataWe process the [&hellip;]","og_url":"https:\/\/usautoimport.lt\/en\/privacy-policy\/","og_site_name":"Usauto import","article_modified_time":"2026-01-18T15:42:21+00:00","twitter_card":"summary_large_image","twitter_misc":{"Est. reading time":"2 minutes"},"schema":{"@context":"https:\/\/schema.org","@graph":[{"@type":"WebPage","@id":"https:\/\/usautoimport.lt\/en\/privacy-policy\/","url":"https:\/\/usautoimport.lt\/en\/privacy-policy\/","name":"Privacy Policy - Usauto import","isPartOf":{"@id":"https:\/\/usautoimport.lt\/#website"},"datePublished":"2025-08-06T05:46:03+00:00","dateModified":"2026-01-18T15:42:21+00:00","breadcrumb":{"@id":"https:\/\/usautoimport.lt\/en\/privacy-policy\/#breadcrumb"},"inLanguage":"en-US","potentialAction":[{"@type":"ReadAction","target":["https:\/\/usautoimport.lt\/en\/privacy-policy\/"]}]},{"@type":"BreadcrumbList","@id":"https:\/\/usautoimport.lt\/en\/privacy-policy\/#breadcrumb","itemListElement":[{"@type":"ListItem","position":1,"name":"Home","item":"https:\/\/usautoimport.lt\/"},{"@type":"ListItem","position":2,"name":"Privacy Policy"}]},{"@type":"WebSite","@id":"https:\/\/usautoimport.lt\/#website","url":"https:\/\/usautoimport.lt\/","name":"Usauto import","description":"","potentialAction":[{"@type":"SearchAction","target":{"@type":"EntryPoint","urlTemplate":"https:\/\/usautoimport.lt\/?s={search_term_string}"},"query-input":{"@type":"PropertyValueSpecification","valueRequired":true,"valueName":"search_term_string"}}],"inLanguage":"en-US"}]}},"_links":{"self":[{"href":"https:\/\/usautoimport.lt\/en\/wp-json\/wp\/v2\/pages\/12646","targetHints":{"allow":["GET"]}}],"collection":[{"href":"https:\/\/usautoimport.lt\/en\/wp-json\/wp\/v2\/pages"}],"about":[{"href":"https:\/\/usautoimport.lt\/en\/wp-json\/wp\/v2\/types\/page"}],"author":[{"embeddable":true,"href":"https:\/\/usautoimport.lt\/en\/wp-json\/wp\/v2\/users\/6"}],"replies":[{"embeddable":true,"href":"https:\/\/usautoimport.lt\/en\/wp-json\/wp\/v2\/comments?post=12646"}],"version-history":[{"count":1,"href":"https:\/\/usautoimport.lt\/en\/wp-json\/wp\/v2\/pages\/12646\/revisions"}],"predecessor-version":[{"id":12647,"href":"https:\/\/usautoimport.lt\/en\/wp-json\/wp\/v2\/pages\/12646\/revisions\/12647"}],"wp:attachment":[{"href":"https:\/\/usautoimport.lt\/en\/wp-json\/wp\/v2\/media?parent=12646"}],"curies":[{"name":"wp","href":"https:\/\/api.w.org\/{rel}","templated":true}]}}